{"id":50586,"date":"2016-12-08T13:25:03","date_gmt":"2016-12-08T13:25:03","guid":{"rendered":"https:\/\/donaulife-new.ogrisdigital.at\/produkt\/mighty-mobiler-vaporizer\/"},"modified":"2024-07-01T00:22:35","modified_gmt":"2024-07-01T00:22:35","slug":"mighty-mobiler-vaporizer","status":"publish","type":"product","link":"https:\/\/donaulife-new.ogrisdigital.at\/da\/mighty-mobiler-vaporizer\/","title":{"rendered":"STORZ &#038; BICKEL Mighty+ | Kr\u00e4uter\/Wax"},"content":{"rendered":"<h2><span style=\"color: #1a1a1a;\">Besonderheiten am Mighty Vaporizer<\/span><\/h2>\n<p>Bei diesem tragbaren Verdampfer handelt es sich um ein wahres Leistungsger\u00e4t. Der Mighty Vaporizer ist batteriebetrieben und verf\u00fcgt \u00fcber eine patentierte Kombination aus Hei\u00dfluftkonvektionsheizung und zus\u00e4tzlicher W\u00e4rmeleitung. Diese Komposition gew\u00e4hrt dir vom ersten Zug an reinste Effizienz bei der Verdampfung. Dar\u00fcber hinaus besticht er durch seine robuste Bauweise und \u00fcberzeugt mit seinem Gesamtpaket auf ganzer Linie.<\/p>\n<h2><span style=\"color: #1a1a1a;\">Hybrid mit gro\u00dfz\u00fcgiger F\u00fcllkammer<\/span><\/h2>\n<p>Die F\u00fcllkammer weist eine Gr\u00f6\u00dfe von 1,4 cm\u00b3 auf. Diese kann sowohl f\u00fcr Kr\u00e4uter und mit dem zus\u00e4tzlichem Tropfenkissen ebenfalls f\u00fcr Fl\u00fcssigkeiten genutzt werden. Das Mundst\u00fcck ist rotierbar und sorgt mit der dazugeh\u00f6rigen K\u00fchleinheit f\u00fcr wohlschmeckenden Dampf.<\/p>\n<h2><span style=\"color: #1a1a1a;\">Simple Bedienung<\/span><\/h2>\n<p>Der Mighty Vaporizer besitzt die prominente Storz &amp; Bickel LED-Anzeige, welche die eingestellte und die derzeitige Temperatur anzeigt. Die Drei-Knopf-Bedienung ist benutzerfreundlich und durch die Plus- und Minus-Tasten ist es m\u00f6glich die Temperatur direkt am Ger\u00e4t einzustellen. Wenn die gew\u00fcnschte Temperatur erreicht ist, wird man \u00fcber einen Vibrationsalarm dar\u00fcber aufmerksam gemacht.<\/p>\n<h2><span style=\"color: #1a1a1a;\">Volle Leistung \u2013 egal in welcher Situation<\/span><\/h2>\n<p>Zwei Lithium-Ion Batterien sorgen f\u00fcr ein rasches Aufw\u00e4rmen und Genuss \u00fcber mehrere Stunden. Zudem besteht die M\u00f6glichkeit den Mighty Vaporizer w\u00e4hrend des Ladens zu verwenden. Somit ist er auch als Verdampfer f\u00fcr zu Hause einsetzbar.<\/p>\n<p><em>Der Mighty Vaporizer ist innerhalb von 3 Werktagen versandfertig.<\/em><\/p>\n","protected":false},"excerpt":{"rendered":"<p>Besonderheiten am Mighty Vaporizer Bei diesem tragbaren Verdampfer handelt es sich um ein wahres Leistungsger\u00e4t. Der Mighty Vaporizer ist batteriebetrieben<\/p>\n","protected":false},"featured_media":15447,"comment_status":"open","ping_status":"closed","template":"","meta":{"_acf_changed":false},"product_cat":[2625,2623],"product_tag":[2626],"acf":[],"_links":{"self":[{"href":"https:\/\/donaulife-new.ogrisdigital.at\/da\/wp-json\/wp\/v2\/product\/50586"}],"collection":[{"href":"https:\/\/donaulife-new.ogrisdigital.at\/da\/wp-json\/wp\/v2\/product"}],"about":[{"href":"https:\/\/donaulife-new.ogrisdigital.at\/da\/wp-json\/wp\/v2\/types\/product"}],"replies":[{"embeddable":true,"href":"https:\/\/donaulife-new.ogrisdigital.at\/da\/wp-json\/wp\/v2\/comments?post=50586"}],"wp:featuredmedia":[{"embeddable":true,"href":"https:\/\/donaulife-new.ogrisdigital.at\/da\/wp-json\/wp\/v2\/media\/15447"}],"wp:attachment":[{"href":"https:\/\/donaulife-new.ogrisdigital.at\/da\/wp-json\/wp\/v2\/media?parent=50586"}],"wp:term":[{"taxonomy":"product_cat","embeddable":true,"href":"https:\/\/donaulife-new.ogrisdigital.at\/da\/wp-json\/wp\/v2\/product_cat?post=50586"},{"taxonomy":"product_tag","embeddable":true,"href":"https:\/\/donaulife-new.ogrisdigital.at\/da\/wp-json\/wp\/v2\/product_tag?post=50586"}],"curies":[{"name":"wp","href":"https:\/\/api.w.org\/{rel}","templated":true}]}}