{"id":50413,"date":"2016-09-12T20:01:57","date_gmt":"2016-09-12T20:01:57","guid":{"rendered":"https:\/\/donaulife-new.ogrisdigital.at\/produkt\/black-leaf-bongkopf-viper-farbig\/"},"modified":"2024-07-01T00:20:56","modified_gmt":"2024-07-01T00:20:56","slug":"black-leaf-bongkopf-viper-farbig","status":"publish","type":"product","link":"https:\/\/donaulife-new.ogrisdigital.at\/da\/black-leaf-bongkopf-viper-farbig\/","title":{"rendered":"BLACK LEAF Flutschkopf &#8216;Viper&#8217; | 18,8 mm"},"content":{"rendered":"<h2>Black Leaf Flutschkopf im Schlangen Design<\/h2>\n<p>Dieses H\u00fctchen aus dem Hause Black Leaf kommt mit einem 14,5 mm Schliff und einem au\u00dfergew\u00f6hnlichen Schlangen-Design.<\/p>\n<h3><span style=\"font-size: 20.16px;\">\u00dcber Black Leaf:<\/span><\/h3>\n<div>\n<p>In Weed We Trust ? Smoking\u00a0<em>Paraphernalia<\/em> seit 1988: Bongs, Pfeifen, Vaporizer, Grinder, Dabbing Zubeh\u00f6r, Paper &amp; Filter, Lifestyle Produkte. Es gibt viele Innovative Produkte der Marke die auch die ein oder andere Weltneuheit erschaffen haben. Im Shop bieten wir von allen Produkten die beste Auswahl.<\/p>\n<\/div>\n","protected":false},"excerpt":{"rendered":"<p>Black Leaf Flutschkopf im Schlangen Design Dieses H\u00fctchen aus dem Hause Black Leaf kommt mit einem 14,5 mm Schliff und<\/p>\n","protected":false},"featured_media":14587,"comment_status":"open","ping_status":"open","template":"","meta":{"_acf_changed":false},"product_cat":[2473,2548,2459,2461,2463,2460],"product_tag":[2521],"acf":[],"_links":{"self":[{"href":"https:\/\/donaulife-new.ogrisdigital.at\/da\/wp-json\/wp\/v2\/product\/50413"}],"collection":[{"href":"https:\/\/donaulife-new.ogrisdigital.at\/da\/wp-json\/wp\/v2\/product"}],"about":[{"href":"https:\/\/donaulife-new.ogrisdigital.at\/da\/wp-json\/wp\/v2\/types\/product"}],"replies":[{"embeddable":true,"href":"https:\/\/donaulife-new.ogrisdigital.at\/da\/wp-json\/wp\/v2\/comments?post=50413"}],"wp:featuredmedia":[{"embeddable":true,"href":"https:\/\/donaulife-new.ogrisdigital.at\/da\/wp-json\/wp\/v2\/media\/14587"}],"wp:attachment":[{"href":"https:\/\/donaulife-new.ogrisdigital.at\/da\/wp-json\/wp\/v2\/media?parent=50413"}],"wp:term":[{"taxonomy":"product_cat","embeddable":true,"href":"https:\/\/donaulife-new.ogrisdigital.at\/da\/wp-json\/wp\/v2\/product_cat?post=50413"},{"taxonomy":"product_tag","embeddable":true,"href":"https:\/\/donaulife-new.ogrisdigital.at\/da\/wp-json\/wp\/v2\/product_tag?post=50413"}],"curies":[{"name":"wp","href":"https:\/\/api.w.org\/{rel}","templated":true}]}}