{"id":50389,"date":"2016-09-12T20:01:47","date_gmt":"2016-09-12T20:01:47","guid":{"rendered":"https:\/\/donaulife-new.ogrisdigital.at\/produkt\/blackleaf-glas-handpfeife-eyeseeu\/"},"modified":"2025-01-15T07:15:53","modified_gmt":"2025-01-15T07:15:53","slug":"blackleaf-glas-handpfeife-eyeseeu","status":"publish","type":"product","link":"https:\/\/donaulife-new.ogrisdigital.at\/da\/blackleaf-glas-handpfeife-eyeseeu\/","title":{"rendered":"BLACK LEAF &#8216;Eye see u&#8217; Spoon Pipe | 10 cm"},"content":{"rendered":"<h2>Black Leaf Glaspfeife<\/h2>\n<p>Die &#8220;Eye see u&#8221; ist eine auff\u00e4llige gestaltete Glaspfeife. Es scheint so als w\u00fcrde das Auge auf der Pfeife den Tr\u00e4ger verfolgen. Solltest du mit diesem Feature klarkommen ist diese Pfeife genau das richtige f\u00fcr dich. Die &#8220;Eye see u&#8221; liegt klasse in der Hand und hat eine L\u00e4nge von 10 cm.<\/p>\n<h3><span style=\"font-size: 20.16px;\">\u00dcber Black Leaf:<\/span><\/h3>\n<div>\n<p>In Weed We Trust ? Smoking\u00a0<em>Paraphernalia<\/em> seit 1988: Bongs, Pfeifen, Vaporizer, Grinder, Dabbing Zubeh\u00f6r, Paper &amp; Filter, Lifestyle Produkte. Es gibt viele Innovative Produkte der Marke die auch die ein oder andere Weltneuheit erschaffen haben. Im Shop bieten wir von allen Produkten die beste Auswahl.<\/p>\n<\/div>\n","protected":false},"excerpt":{"rendered":"<p>Black Leaf Glaspfeife Die &#8220;Eye see u&#8221; ist eine auff\u00e4llige gestaltete Glaspfeife. Es scheint so als w\u00fcrde das Auge auf<\/p>\n","protected":false},"featured_media":14353,"comment_status":"open","ping_status":"open","template":"","meta":{"_acf_changed":false},"product_cat":[2502,2451,2501],"product_tag":[2521],"acf":[],"_links":{"self":[{"href":"https:\/\/donaulife-new.ogrisdigital.at\/da\/wp-json\/wp\/v2\/product\/50389"}],"collection":[{"href":"https:\/\/donaulife-new.ogrisdigital.at\/da\/wp-json\/wp\/v2\/product"}],"about":[{"href":"https:\/\/donaulife-new.ogrisdigital.at\/da\/wp-json\/wp\/v2\/types\/product"}],"replies":[{"embeddable":true,"href":"https:\/\/donaulife-new.ogrisdigital.at\/da\/wp-json\/wp\/v2\/comments?post=50389"}],"wp:featuredmedia":[{"embeddable":true,"href":"https:\/\/donaulife-new.ogrisdigital.at\/da\/wp-json\/wp\/v2\/media\/14353"}],"wp:attachment":[{"href":"https:\/\/donaulife-new.ogrisdigital.at\/da\/wp-json\/wp\/v2\/media?parent=50389"}],"wp:term":[{"taxonomy":"product_cat","embeddable":true,"href":"https:\/\/donaulife-new.ogrisdigital.at\/da\/wp-json\/wp\/v2\/product_cat?post=50389"},{"taxonomy":"product_tag","embeddable":true,"href":"https:\/\/donaulife-new.ogrisdigital.at\/da\/wp-json\/wp\/v2\/product_tag?post=50389"}],"curies":[{"name":"wp","href":"https:\/\/api.w.org\/{rel}","templated":true}]}}